{"id":494,"date":"2025-09-02T19:12:37","date_gmt":"2025-09-02T18:12:37","guid":{"rendered":"https:\/\/tashunails.es\/blog\/?page_id=494"},"modified":"2026-01-08T15:20:21","modified_gmt":"2026-01-08T14:20:21","slug":"nuestro-blog","status":"publish","type":"page","link":"https:\/\/tashunails.es\/blog\/nuestro-blog\/","title":{"rendered":"Nuestro blog"},"content":{"rendered":"\n<div class=\"wp-block-uagb-image uagb-block-0dedbfd5 wp-block-uagb-image--layout-default wp-block-uagb-image--effect-static wp-block-uagb-image--align-none\"><figure class=\"wp-block-uagb-image__figure\"><img decoding=\"async\" srcset=\"https:\/\/tashunails.es\/blog\/wp-content\/uploads\/2026\/01\/claudia-gonzales.jpg ,https:\/\/tashunails.es\/blog\/wp-content\/uploads\/2026\/01\/claudia-gonzales.jpg 780w, https:\/\/tashunails.es\/blog\/wp-content\/uploads\/2026\/01\/claudia-gonzales.jpg 360w\" sizes=\"auto, (max-width: 480px) 150px\" src=\"https:\/\/tashunails.es\/blog\/wp-content\/uploads\/2026\/01\/claudia-gonzales.jpg\" alt=\"Claudia Gonzales\" class=\"uag-image-738\" width=\"126\" height=\"126\" title=\"Claudia Gonzales\" loading=\"lazy\" role=\"img\"\/><\/figure><\/div>\n\n\n\n<p><strong>Claudia Gonzales<\/strong> es la mente creativa detr\u00e1s de una serie de libros interactivos para ni\u00f1os que combinan la literatura infantil con la tecnolog\u00eda. Con un enfoque en fomentar la creatividad y el aprendizaje en los m\u00e1s peque\u00f1os, <strong>Claudia <\/strong> ha logrado inspirar a ni\u00f1os de todas las edades a trav\u00e9s de historias cautivadoras y actividades divertidas. Su blog es una fuente de recursos y recomendaciones para padres y educadores que buscan enriquecer la experiencia de lectura de los ni\u00f1os.<\/p>\n\n\n\n<p><\/p>\n","protected":false},"excerpt":{"rendered":"<p>Claudia Gonzales es la mente creativa detr\u00e1s de una serie de libros interactivos para ni\u00f1os que combinan la literatura infantil [&hellip;]<\/p>\n","protected":false},"author":1,"featured_media":0,"parent":0,"menu_order":0,"comment_status":"closed","ping_status":"closed","template":"","meta":{"_uag_custom_page_level_css":"","site-sidebar-layout":"default","site-content-layout":"","ast-site-content-layout":"default","site-content-style":"default","site-sidebar-style":"default","ast-global-header-display":"","ast-banner-title-visibility":"","ast-main-header-display":"","ast-hfb-above-header-display":"","ast-hfb-below-header-display":"","ast-hfb-mobile-header-display":"","site-post-title":"","ast-breadcrumbs-content":"","ast-featured-img":"","footer-sml-layout":"","theme-transparent-header-meta":"","adv-header-id-meta":"","stick-header-meta":"","header-above-stick-meta":"","header-main-stick-meta":"","header-below-stick-meta":"","astra-migrate-meta-layouts":"default","ast-page-background-enabled":"default","ast-page-background-meta":{"desktop":{"background-color":"var(--ast-global-color-4)","background-image":"","background-repeat":"repeat","background-position":"center center","background-size":"auto","background-attachment":"scroll","background-type":"","background-media":"","overlay-type":"","overlay-color":"","overlay-opacity":"","overlay-gradient":""},"tablet":{"background-color":"","background-image":"","background-repeat":"repeat","background-position":"center center","background-size":"auto","background-attachment":"scroll","background-type":"","background-media":"","overlay-type":"","overlay-color":"","overlay-opacity":"","overlay-gradient":""},"mobile":{"background-color":"","background-image":"","background-repeat":"repeat","background-position":"center center","background-size":"auto","background-attachment":"scroll","background-type":"","background-media":"","overlay-type":"","overlay-color":"","overlay-opacity":"","overlay-gradient":""}},"ast-content-background-meta":{"desktop":{"background-color":"var(--ast-global-color-5)","background-image":"","background-repeat":"repeat","background-position":"center center","background-size":"auto","background-attachment":"scroll","background-type":"","background-media":"","overlay-type":"","overlay-color":"","overlay-opacity":"","overlay-gradient":""},"tablet":{"background-color":"var(--ast-global-color-5)","background-image":"","background-repeat":"repeat","background-position":"center center","background-size":"auto","background-attachment":"scroll","background-type":"","background-media":"","overlay-type":"","overlay-color":"","overlay-opacity":"","overlay-gradient":""},"mobile":{"background-color":"var(--ast-global-color-5)","background-image":"","background-repeat":"repeat","background-position":"center center","background-size":"auto","background-attachment":"scroll","background-type":"","background-media":"","overlay-type":"","overlay-color":"","overlay-opacity":"","overlay-gradient":""}},"footnotes":""},"class_list":["post-494","page","type-page","status-publish","hentry"],"yoast_head":"<!-- This site is optimized with the Yoast SEO plugin v27.4 - https:\/\/yoast.com\/product\/yoast-seo-wordpress\/ -->\n<title>Nuestro blog |<\/title>\n<meta name=\"robots\" content=\"noindex, follow\" \/>\n<meta property=\"og:locale\" content=\"es_ES\" \/>\n<meta property=\"og:type\" content=\"article\" \/>\n<meta property=\"og:title\" content=\"Nuestro blog |\" \/>\n<meta property=\"og:description\" content=\"Claudia Gonzales es la mente creativa detr\u00e1s de una serie de libros interactivos para ni\u00f1os que combinan la literatura infantil [&hellip;]\" \/>\n<meta property=\"og:url\" content=\"https:\/\/tashunails.es\/blog\/nuestro-blog\/\" \/>\n<meta property=\"article:modified_time\" content=\"2026-01-08T14:20:21+00:00\" \/>\n<meta property=\"og:image\" content=\"https:\/\/tashunails.es\/blog\/wp-content\/uploads\/2026\/01\/claudia-gonzales.jpg\" \/>\n<meta name=\"twitter:card\" content=\"summary_large_image\" \/>\n<meta name=\"twitter:label1\" content=\"Tiempo de lectura\" \/>\n\t<meta name=\"twitter:data1\" content=\"1 minuto\" \/>\n<script type=\"application\/ld+json\" class=\"yoast-schema-graph\">{\"@context\":\"https:\\\/\\\/schema.org\",\"@graph\":[{\"@type\":\"WebPage\",\"@id\":\"https:\\\/\\\/tashunails.es\\\/blog\\\/nuestro-blog\\\/\",\"url\":\"https:\\\/\\\/tashunails.es\\\/blog\\\/nuestro-blog\\\/\",\"name\":\"Nuestro blog |\",\"isPartOf\":{\"@id\":\"https:\\\/\\\/tashunails.es\\\/blog\\\/#website\"},\"primaryImageOfPage\":{\"@id\":\"https:\\\/\\\/tashunails.es\\\/blog\\\/nuestro-blog\\\/#primaryimage\"},\"image\":{\"@id\":\"https:\\\/\\\/tashunails.es\\\/blog\\\/nuestro-blog\\\/#primaryimage\"},\"thumbnailUrl\":\"https:\\\/\\\/tashunails.es\\\/blog\\\/wp-content\\\/uploads\\\/2026\\\/01\\\/claudia-gonzales.jpg\",\"datePublished\":\"2025-09-02T18:12:37+00:00\",\"dateModified\":\"2026-01-08T14:20:21+00:00\",\"breadcrumb\":{\"@id\":\"https:\\\/\\\/tashunails.es\\\/blog\\\/nuestro-blog\\\/#breadcrumb\"},\"inLanguage\":\"es\",\"potentialAction\":[{\"@type\":\"ReadAction\",\"target\":[\"https:\\\/\\\/tashunails.es\\\/blog\\\/nuestro-blog\\\/\"]}]},{\"@type\":\"ImageObject\",\"inLanguage\":\"es\",\"@id\":\"https:\\\/\\\/tashunails.es\\\/blog\\\/nuestro-blog\\\/#primaryimage\",\"url\":\"https:\\\/\\\/tashunails.es\\\/blog\\\/wp-content\\\/uploads\\\/2026\\\/01\\\/claudia-gonzales.jpg\",\"contentUrl\":\"https:\\\/\\\/tashunails.es\\\/blog\\\/wp-content\\\/uploads\\\/2026\\\/01\\\/claudia-gonzales.jpg\",\"width\":768,\"height\":768,\"caption\":\"Claudia Gonzales\"},{\"@type\":\"BreadcrumbList\",\"@id\":\"https:\\\/\\\/tashunails.es\\\/blog\\\/nuestro-blog\\\/#breadcrumb\",\"itemListElement\":[{\"@type\":\"ListItem\",\"position\":1,\"name\":\"Portada\",\"item\":\"https:\\\/\\\/tashunails.es\\\/blog\\\/\"},{\"@type\":\"ListItem\",\"position\":2,\"name\":\"Nuestro blog\"}]},{\"@type\":\"WebSite\",\"@id\":\"https:\\\/\\\/tashunails.es\\\/blog\\\/#website\",\"url\":\"https:\\\/\\\/tashunails.es\\\/blog\\\/\",\"name\":\"\",\"description\":\"Tashunails\",\"publisher\":{\"@id\":\"https:\\\/\\\/tashunails.es\\\/blog\\\/#organization\"},\"potentialAction\":[{\"@type\":\"SearchAction\",\"target\":{\"@type\":\"EntryPoint\",\"urlTemplate\":\"https:\\\/\\\/tashunails.es\\\/blog\\\/?s={search_term_string}\"},\"query-input\":{\"@type\":\"PropertyValueSpecification\",\"valueRequired\":true,\"valueName\":\"search_term_string\"}}],\"inLanguage\":\"es\"},{\"@type\":\"Organization\",\"@id\":\"https:\\\/\\\/tashunails.es\\\/blog\\\/#organization\",\"name\":\"Ccrystalnailslashes\",\"url\":\"https:\\\/\\\/tashunails.es\\\/blog\\\/\",\"logo\":{\"@type\":\"ImageObject\",\"inLanguage\":\"es\",\"@id\":\"https:\\\/\\\/tashunails.es\\\/blog\\\/#\\\/schema\\\/logo\\\/image\\\/\",\"url\":\"https:\\\/\\\/tashunails.es\\\/blog\\\/wp-content\\\/uploads\\\/2025\\\/09\\\/nail-polish.png\",\"contentUrl\":\"https:\\\/\\\/tashunails.es\\\/blog\\\/wp-content\\\/uploads\\\/2025\\\/09\\\/nail-polish.png\",\"width\":512,\"height\":512,\"caption\":\"Ccrystalnailslashes\"},\"image\":{\"@id\":\"https:\\\/\\\/tashunails.es\\\/blog\\\/#\\\/schema\\\/logo\\\/image\\\/\"}}]}<\/script>\n<!-- \/ Yoast SEO plugin. -->","yoast_head_json":{"title":"Nuestro blog |","robots":{"index":"noindex","follow":"follow"},"og_locale":"es_ES","og_type":"article","og_title":"Nuestro blog |","og_description":"Claudia Gonzales es la mente creativa detr\u00e1s de una serie de libros interactivos para ni\u00f1os que combinan la literatura infantil [&hellip;]","og_url":"https:\/\/tashunails.es\/blog\/nuestro-blog\/","article_modified_time":"2026-01-08T14:20:21+00:00","og_image":[{"url":"https:\/\/tashunails.es\/blog\/wp-content\/uploads\/2026\/01\/claudia-gonzales.jpg","type":"","width":"","height":""}],"twitter_card":"summary_large_image","twitter_misc":{"Tiempo de lectura":"1 minuto"},"schema":{"@context":"https:\/\/schema.org","@graph":[{"@type":"WebPage","@id":"https:\/\/tashunails.es\/blog\/nuestro-blog\/","url":"https:\/\/tashunails.es\/blog\/nuestro-blog\/","name":"Nuestro blog |","isPartOf":{"@id":"https:\/\/tashunails.es\/blog\/#website"},"primaryImageOfPage":{"@id":"https:\/\/tashunails.es\/blog\/nuestro-blog\/#primaryimage"},"image":{"@id":"https:\/\/tashunails.es\/blog\/nuestro-blog\/#primaryimage"},"thumbnailUrl":"https:\/\/tashunails.es\/blog\/wp-content\/uploads\/2026\/01\/claudia-gonzales.jpg","datePublished":"2025-09-02T18:12:37+00:00","dateModified":"2026-01-08T14:20:21+00:00","breadcrumb":{"@id":"https:\/\/tashunails.es\/blog\/nuestro-blog\/#breadcrumb"},"inLanguage":"es","potentialAction":[{"@type":"ReadAction","target":["https:\/\/tashunails.es\/blog\/nuestro-blog\/"]}]},{"@type":"ImageObject","inLanguage":"es","@id":"https:\/\/tashunails.es\/blog\/nuestro-blog\/#primaryimage","url":"https:\/\/tashunails.es\/blog\/wp-content\/uploads\/2026\/01\/claudia-gonzales.jpg","contentUrl":"https:\/\/tashunails.es\/blog\/wp-content\/uploads\/2026\/01\/claudia-gonzales.jpg","width":768,"height":768,"caption":"Claudia Gonzales"},{"@type":"BreadcrumbList","@id":"https:\/\/tashunails.es\/blog\/nuestro-blog\/#breadcrumb","itemListElement":[{"@type":"ListItem","position":1,"name":"Portada","item":"https:\/\/tashunails.es\/blog\/"},{"@type":"ListItem","position":2,"name":"Nuestro blog"}]},{"@type":"WebSite","@id":"https:\/\/tashunails.es\/blog\/#website","url":"https:\/\/tashunails.es\/blog\/","name":"","description":"Tashunails","publisher":{"@id":"https:\/\/tashunails.es\/blog\/#organization"},"potentialAction":[{"@type":"SearchAction","target":{"@type":"EntryPoint","urlTemplate":"https:\/\/tashunails.es\/blog\/?s={search_term_string}"},"query-input":{"@type":"PropertyValueSpecification","valueRequired":true,"valueName":"search_term_string"}}],"inLanguage":"es"},{"@type":"Organization","@id":"https:\/\/tashunails.es\/blog\/#organization","name":"Ccrystalnailslashes","url":"https:\/\/tashunails.es\/blog\/","logo":{"@type":"ImageObject","inLanguage":"es","@id":"https:\/\/tashunails.es\/blog\/#\/schema\/logo\/image\/","url":"https:\/\/tashunails.es\/blog\/wp-content\/uploads\/2025\/09\/nail-polish.png","contentUrl":"https:\/\/tashunails.es\/blog\/wp-content\/uploads\/2025\/09\/nail-polish.png","width":512,"height":512,"caption":"Ccrystalnailslashes"},"image":{"@id":"https:\/\/tashunails.es\/blog\/#\/schema\/logo\/image\/"}}]}},"uagb_featured_image_src":{"full":false,"thumbnail":false,"medium":false,"medium_large":false,"large":false,"1536x1536":false,"2048x2048":false},"uagb_author_info":{"display_name":"Claudia Gonzales","author_link":"https:\/\/tashunails.es\/blog\/author\/admin\/"},"uagb_comment_info":0,"uagb_excerpt":"Claudia Gonzales es la mente creativa detr\u00e1s de una serie de libros interactivos para ni\u00f1os que combinan la literatura infantil [&hellip;]","_links":{"self":[{"href":"https:\/\/tashunails.es\/blog\/wp-json\/wp\/v2\/pages\/494","targetHints":{"allow":["GET"]}}],"collection":[{"href":"https:\/\/tashunails.es\/blog\/wp-json\/wp\/v2\/pages"}],"about":[{"href":"https:\/\/tashunails.es\/blog\/wp-json\/wp\/v2\/types\/page"}],"author":[{"embeddable":true,"href":"https:\/\/tashunails.es\/blog\/wp-json\/wp\/v2\/users\/1"}],"replies":[{"embeddable":true,"href":"https:\/\/tashunails.es\/blog\/wp-json\/wp\/v2\/comments?post=494"}],"version-history":[{"count":3,"href":"https:\/\/tashunails.es\/blog\/wp-json\/wp\/v2\/pages\/494\/revisions"}],"predecessor-version":[{"id":751,"href":"https:\/\/tashunails.es\/blog\/wp-json\/wp\/v2\/pages\/494\/revisions\/751"}],"wp:attachment":[{"href":"https:\/\/tashunails.es\/blog\/wp-json\/wp\/v2\/media?parent=494"}],"curies":[{"name":"wp","href":"https:\/\/api.w.org\/{rel}","templated":true}]}}